{"id":642,"date":"2025-12-05T04:44:01","date_gmt":"2025-12-05T04:44:01","guid":{"rendered":"https:\/\/sielosraktas.lt\/?page_id=642"},"modified":"2026-04-16T10:22:59","modified_gmt":"2026-04-16T10:22:59","slug":"blog","status":"publish","type":"page","link":"https:\/\/sielosraktas.lt\/index.php\/blog\/","title":{"rendered":"Blog"},"content":{"rendered":"\t\t<div data-elementor-type=\"wp-page\" data-elementor-id=\"642\" class=\"elementor elementor-642\">\n\t\t\t\t<div class=\"elementor-element elementor-element-389e667 e-con-full innerpage e-flex e-con e-parent\" data-id=\"389e667\" data-element_type=\"container\" id=\"hero-section\">\n\t\t\t\t<div class=\"elementor-element elementor-element-cb37d58 elementor-widget__width-inherit hero-image elementor-widget elementor-widget-image\" data-id=\"cb37d58\" data-element_type=\"widget\" data-widget_type=\"image.default\">\n\t\t\t\t\t\t\t\t\t\t\t\t\t\t\t<img fetchpriority=\"high\" decoding=\"async\" width=\"1920\" height=\"550\" src=\"https:\/\/sielosraktas.lt\/wp-content\/uploads\/2025\/12\/banner1-inner-2.jpg\" class=\"attachment-full size-full wp-image-971\" alt=\"\" srcset=\"https:\/\/sielosraktas.lt\/wp-content\/uploads\/2025\/12\/banner1-inner-2.jpg 1920w, https:\/\/sielosraktas.lt\/wp-content\/uploads\/2025\/12\/banner1-inner-2-300x86.jpg 300w, https:\/\/sielosraktas.lt\/wp-content\/uploads\/2025\/12\/banner1-inner-2-1024x293.jpg 1024w, https:\/\/sielosraktas.lt\/wp-content\/uploads\/2025\/12\/banner1-inner-2-768x220.jpg 768w, https:\/\/sielosraktas.lt\/wp-content\/uploads\/2025\/12\/banner1-inner-2-1536x440.jpg 1536w, https:\/\/sielosraktas.lt\/wp-content\/uploads\/2025\/12\/banner1-inner-2-1320x378.jpg 1320w, https:\/\/sielosraktas.lt\/wp-content\/uploads\/2025\/12\/banner1-inner-2-600x172.jpg 600w\" sizes=\"(max-width: 1920px) 100vw, 1920px\" \/>\t\t\t\t\t\t\t\t\t\t\t\t\t\t\t<\/div>\n\t\t\t\t<div class=\"elementor-element elementor-element-e01d582 elementor-widget__width-inherit hero-sinfo elementor-widget elementor-widget-text-editor\" data-id=\"e01d582\" data-element_type=\"widget\" data-widget_type=\"text-editor.default\">\n\t\t\t\t\t\t\t\t\t<h1>Tinklara\u0161tis<\/h1>\t\t\t\t\t\t\t\t<\/div>\n\t\t\t\t<\/div>\n\t\t<div class=\"elementor-element elementor-element-ceffb30 blogList e-flex e-con-boxed e-con e-parent\" data-id=\"ceffb30\" data-element_type=\"container\">\n\t\t\t\t\t<div class=\"e-con-inner\">\n\t\t\t\t<div class=\"elementor-element elementor-element-69ad73e elementor-widget elementor-widget-shortcode\" data-id=\"69ad73e\" data-element_type=\"widget\" data-widget_type=\"shortcode.default\">\n\t\t\t\t\t\t\t<div class=\"elementor-shortcode\">\n    <div class=\"blog-posts blogPostList\">\n                    <div class=\"blog-post-item\">\n               <div class=\"blog-post-iner\">\n                                            <div class=\"blog-post-thumb\">\n                        <a href=\"https:\/\/sielosraktas.lt\/index.php\/2026\/01\/21\/santykiai-karma-ir-dvasinis-augimas-kaip-kortos-gali-padeti-pazinti-save\/\">\n                            <img decoding=\"async\" width=\"300\" height=\"177\" src=\"https:\/\/sielosraktas.lt\/wp-content\/uploads\/2025\/11\/post3-300x177.jpg\" class=\"attachment-medium size-medium wp-post-image\" alt=\"\" srcset=\"https:\/\/sielosraktas.lt\/wp-content\/uploads\/2025\/11\/post3-300x177.jpg 300w, https:\/\/sielosraktas.lt\/wp-content\/uploads\/2025\/11\/post3.jpg 440w\" sizes=\"(max-width: 300px) 100vw, 300px\" \/>                        <\/a>\n                    <\/div>\n                                        <div class=\"blog-info\">\n                    <h3 class=\"blog-post-title\">\n                      <a href=\"https:\/\/sielosraktas.lt\/index.php\/2026\/01\/21\/santykiai-karma-ir-dvasinis-augimas-kaip-kortos-gali-padeti-pazinti-save\/\">\n                        Santykiai, karma ir dvasinis augimas: kaip kortos gali pad\u0117ti pa\u017einti save.                      <\/a>\n                    <\/h3>\n\n                    <div class=\"blog-post-excerpt\">\n                        <p>Santykiai su kitais \u017emon\u0117mis da\u017enai tampa veidrod\u017eiu, atspindin\u010diu m\u016bs\u0173 vidin\u012f pasaul\u012f. Tai, kaip reaguojame \u012f kitus, kokius \u017emones pritraukiame ir [&hellip;]<\/p>\n                    <\/div>\n\n                    <a class=\"blog-post-readmore\" href=\"https:\/\/sielosraktas.lt\/index.php\/2026\/01\/21\/santykiai-karma-ir-dvasinis-augimas-kaip-kortos-gali-padeti-pazinti-save\/\">Skaityti daugiau<\/a>\n                    <\/div>\n                <\/div>\n            <\/div>\n                    <div class=\"blog-post-item\">\n               <div class=\"blog-post-iner\">\n                                            <div class=\"blog-post-thumb\">\n                        <a href=\"https:\/\/sielosraktas.lt\/index.php\/2026\/01\/21\/pasikartojancios-gyvenimo-situacijos-ka-mums-sako-skaiciai-ir-simboliai\/\">\n                            <img decoding=\"async\" width=\"300\" height=\"177\" src=\"https:\/\/sielosraktas.lt\/wp-content\/uploads\/2025\/11\/post2-300x177.jpg\" class=\"attachment-medium size-medium wp-post-image\" alt=\"\" srcset=\"https:\/\/sielosraktas.lt\/wp-content\/uploads\/2025\/11\/post2-300x177.jpg 300w, https:\/\/sielosraktas.lt\/wp-content\/uploads\/2025\/11\/post2.jpg 440w\" sizes=\"(max-width: 300px) 100vw, 300px\" \/>                        <\/a>\n                    <\/div>\n                                        <div class=\"blog-info\">\n                    <h3 class=\"blog-post-title\">\n                      <a href=\"https:\/\/sielosraktas.lt\/index.php\/2026\/01\/21\/pasikartojancios-gyvenimo-situacijos-ka-mums-sako-skaiciai-ir-simboliai\/\">\n                        Pasikartojan\u010dios gyvenimo situacijos: k\u0105 mums sako skai\u010diai ir simboliai.                      <\/a>\n                    <\/h3>\n\n                    <div class=\"blog-post-excerpt\">\n                        <p>Ar kada nors pasteb\u0117jote, kad tam tikros situacijos j\u016bs\u0173 gyvenime kartojasi? Tie patys santyki\u0173 scenarijai, pana\u0161\u016bs i\u0161\u0161\u016bkiai darbe ar net [&hellip;]<\/p>\n                    <\/div>\n\n                    <a class=\"blog-post-readmore\" href=\"https:\/\/sielosraktas.lt\/index.php\/2026\/01\/21\/pasikartojancios-gyvenimo-situacijos-ka-mums-sako-skaiciai-ir-simboliai\/\">Skaityti daugiau<\/a>\n                    <\/div>\n                <\/div>\n            <\/div>\n                    <div class=\"blog-post-item\">\n               <div class=\"blog-post-iner\">\n                                            <div class=\"blog-post-thumb\">\n                        <a href=\"https:\/\/sielosraktas.lt\/index.php\/2026\/01\/21\/kaip-kasdieniai-ritualai-padeda-pazinti-save-ir-savo-vidine-energija\/\">\n                            <img loading=\"lazy\" decoding=\"async\" width=\"300\" height=\"177\" src=\"https:\/\/sielosraktas.lt\/wp-content\/uploads\/2025\/11\/post1-300x177.jpg\" class=\"attachment-medium size-medium wp-post-image\" alt=\"\" srcset=\"https:\/\/sielosraktas.lt\/wp-content\/uploads\/2025\/11\/post1-300x177.jpg 300w, https:\/\/sielosraktas.lt\/wp-content\/uploads\/2025\/11\/post1.jpg 440w\" sizes=\"(max-width: 300px) 100vw, 300px\" \/>                        <\/a>\n                    <\/div>\n                                        <div class=\"blog-info\">\n                    <h3 class=\"blog-post-title\">\n                      <a href=\"https:\/\/sielosraktas.lt\/index.php\/2026\/01\/21\/kaip-kasdieniai-ritualai-padeda-pazinti-save-ir-savo-vidine-energija\/\">\n                        Kaip kasdieniai ritualai padeda pa\u017einti save ir savo vidin\u0119 energij\u0105.                      <\/a>\n                    <\/h3>\n\n                    <div class=\"blog-post-excerpt\">\n                        <p>Gyvenimas da\u017enai mus \u012ftraukia \u012f nuolatin\u012f skub\u0117jim\u0105 \u2013 nuo vienos u\u017eduoties prie kitos, nuo vienos dienos prie kitos. Tokiu tempu [&hellip;]<\/p>\n                    <\/div>\n\n                    <a class=\"blog-post-readmore\" href=\"https:\/\/sielosraktas.lt\/index.php\/2026\/01\/21\/kaip-kasdieniai-ritualai-padeda-pazinti-save-ir-savo-vidine-energija\/\">Skaityti daugiau<\/a>\n                    <\/div>\n                <\/div>\n            <\/div>\n            <\/div>\n\n    <div class=\"blog-pagination\">\n            <\/div>\n\n    <\/div>\n\t\t\t\t\t\t<\/div>\n\t\t\t\t\t<\/div>\n\t\t\t\t<\/div>\n\t\t\t\t<\/div>\n\t\t","protected":false},"excerpt":{"rendered":"<p>Tinklara\u0161tis<\/p>\n","protected":false},"author":1,"featured_media":0,"parent":0,"menu_order":0,"comment_status":"closed","ping_status":"closed","template":"","meta":{"site-sidebar-layout":"no-sidebar","site-content-layout":"","ast-site-content-layout":"full-width-container","site-content-style":"default","site-sidebar-style":"default","ast-global-header-display":"","ast-banner-title-visibility":"","ast-main-header-display":"","ast-hfb-above-header-display":"","ast-hfb-below-header-display":"","ast-hfb-mobile-header-display":"","site-post-title":"","ast-breadcrumbs-content":"","ast-featured-img":"disabled","footer-sml-layout":"","theme-transparent-header-meta":"","adv-header-id-meta":"","stick-header-meta":"","header-above-stick-meta":"","header-main-stick-meta":"","header-below-stick-meta":"","astra-migrate-meta-layouts":"default","ast-page-background-enabled":"default","ast-page-background-meta":{"desktop":{"background-color":"var(--ast-global-color-5)","background-image":"","background-repeat":"repeat","background-position":"center center","background-size":"auto","background-attachment":"scroll","background-type":"","background-media":"","overlay-type":"","overlay-color":"","overlay-opacity":"","overlay-gradient":""},"tablet":{"background-color":"","background-image":"","background-repeat":"repeat","background-position":"center center","background-size":"auto","background-attachment":"scroll","background-type":"","background-media":"","overlay-type":"","overlay-color":"","overlay-opacity":"","overlay-gradient":""},"mobile":{"background-color":"","background-image":"","background-repeat":"repeat","background-position":"center center","background-size":"auto","background-attachment":"scroll","background-type":"","background-media":"","overlay-type":"","overlay-color":"","overlay-opacity":"","overlay-gradient":""}},"ast-content-background-meta":{"desktop":{"background-color":"var(--ast-global-color-4)","background-image":"","background-repeat":"repeat","background-position":"center center","background-size":"auto","background-attachment":"scroll","background-type":"","background-media":"","overlay-type":"","overlay-color":"","overlay-opacity":"","overlay-gradient":""},"tablet":{"background-color":"var(--ast-global-color-4)","background-image":"","background-repeat":"repeat","background-position":"center center","background-size":"auto","background-attachment":"scroll","background-type":"","background-media":"","overlay-type":"","overlay-color":"","overlay-opacity":"","overlay-gradient":""},"mobile":{"background-color":"var(--ast-global-color-4)","background-image":"","background-repeat":"repeat","background-position":"center center","background-size":"auto","background-attachment":"scroll","background-type":"","background-media":"","overlay-type":"","overlay-color":"","overlay-opacity":"","overlay-gradient":""}},"footnotes":""},"class_list":["post-642","page","type-page","status-publish","hentry"],"jetpack_sharing_enabled":true,"_links":{"self":[{"href":"https:\/\/sielosraktas.lt\/index.php\/wp-json\/wp\/v2\/pages\/642","targetHints":{"allow":["GET"]}}],"collection":[{"href":"https:\/\/sielosraktas.lt\/index.php\/wp-json\/wp\/v2\/pages"}],"about":[{"href":"https:\/\/sielosraktas.lt\/index.php\/wp-json\/wp\/v2\/types\/page"}],"author":[{"embeddable":true,"href":"https:\/\/sielosraktas.lt\/index.php\/wp-json\/wp\/v2\/users\/1"}],"replies":[{"embeddable":true,"href":"https:\/\/sielosraktas.lt\/index.php\/wp-json\/wp\/v2\/comments?post=642"}],"version-history":[{"count":16,"href":"https:\/\/sielosraktas.lt\/index.php\/wp-json\/wp\/v2\/pages\/642\/revisions"}],"predecessor-version":[{"id":1399,"href":"https:\/\/sielosraktas.lt\/index.php\/wp-json\/wp\/v2\/pages\/642\/revisions\/1399"}],"wp:attachment":[{"href":"https:\/\/sielosraktas.lt\/index.php\/wp-json\/wp\/v2\/media?parent=642"}],"curies":[{"name":"wp","href":"https:\/\/api.w.org\/{rel}","templated":true}]}}