{"id":634,"date":"2025-12-05T04:33:43","date_gmt":"2025-12-05T04:33:43","guid":{"rendered":"https:\/\/sielosraktas.lt\/?page_id=634"},"modified":"2026-04-16T10:23:29","modified_gmt":"2026-04-16T10:23:29","slug":"contact-us","status":"publish","type":"page","link":"https:\/\/sielosraktas.lt\/index.php\/contact-us\/","title":{"rendered":"Contact us"},"content":{"rendered":"\t\t<div data-elementor-type=\"wp-page\" data-elementor-id=\"634\" class=\"elementor elementor-634\">\n\t\t\t\t<div class=\"elementor-element elementor-element-875a33c e-con-full innerpage contactpage e-flex e-con e-parent\" data-id=\"875a33c\" data-element_type=\"container\" id=\"hero-section\">\n\t\t\t\t<div class=\"elementor-element elementor-element-5e4b654 elementor-widget__width-inherit hero-image elementor-widget elementor-widget-image\" data-id=\"5e4b654\" data-element_type=\"widget\" data-widget_type=\"image.default\">\n\t\t\t\t\t\t\t\t\t\t\t\t\t\t\t<img fetchpriority=\"high\" decoding=\"async\" width=\"1920\" height=\"550\" src=\"https:\/\/sielosraktas.lt\/wp-content\/uploads\/2025\/12\/banner1-inner-2.jpg\" class=\"attachment-full size-full wp-image-971\" alt=\"\" srcset=\"https:\/\/sielosraktas.lt\/wp-content\/uploads\/2025\/12\/banner1-inner-2.jpg 1920w, https:\/\/sielosraktas.lt\/wp-content\/uploads\/2025\/12\/banner1-inner-2-300x86.jpg 300w, https:\/\/sielosraktas.lt\/wp-content\/uploads\/2025\/12\/banner1-inner-2-1024x293.jpg 1024w, https:\/\/sielosraktas.lt\/wp-content\/uploads\/2025\/12\/banner1-inner-2-768x220.jpg 768w, https:\/\/sielosraktas.lt\/wp-content\/uploads\/2025\/12\/banner1-inner-2-1536x440.jpg 1536w, https:\/\/sielosraktas.lt\/wp-content\/uploads\/2025\/12\/banner1-inner-2-1320x378.jpg 1320w, https:\/\/sielosraktas.lt\/wp-content\/uploads\/2025\/12\/banner1-inner-2-600x172.jpg 600w\" sizes=\"(max-width: 1920px) 100vw, 1920px\" \/>\t\t\t\t\t\t\t\t\t\t\t\t\t\t\t<\/div>\n\t\t\t\t<div class=\"elementor-element elementor-element-bbbee93 elementor-widget__width-inherit hero-sinfo elementor-widget elementor-widget-text-editor\" data-id=\"bbbee93\" data-element_type=\"widget\" data-widget_type=\"text-editor.default\">\n\t\t\t\t\t\t\t\t\t<h1>Kontaktai<\/h1>\t\t\t\t\t\t\t\t<\/div>\n\t\t\t\t<\/div>\n\t\t<div class=\"elementor-element elementor-element-506c3c8 contactpform e-flex e-con-boxed e-con e-parent\" data-id=\"506c3c8\" data-element_type=\"container\">\n\t\t\t\t\t<div class=\"e-con-inner\">\n\t\t\t\t<div class=\"elementor-element elementor-element-40a5174 elementor-widget__width-inherit elementor-widget elementor-widget-shortcode\" data-id=\"40a5174\" data-element_type=\"widget\" data-widget_type=\"shortcode.default\">\n\t\t\t\t\t\t\t<div class=\"elementor-shortcode\">\n<div class=\"wpcf7 no-js\" id=\"wpcf7-f257-o1\" lang=\"lt-LT\" dir=\"ltr\" data-wpcf7-id=\"257\">\n<div class=\"screen-reader-response\"><p role=\"status\" aria-live=\"polite\" aria-atomic=\"true\"><\/p> <ul><\/ul><\/div>\n<form action=\"\/index.php\/wp-json\/wp\/v2\/pages\/634#wpcf7-f257-o1\" method=\"post\" class=\"wpcf7-form init\" aria-label=\"Kontakt\u0173 forma\" novalidate=\"novalidate\" data-status=\"init\">\n<fieldset class=\"hidden-fields-container\"><input type=\"hidden\" name=\"_wpcf7\" value=\"257\" \/><input type=\"hidden\" name=\"_wpcf7_version\" value=\"6.1.5\" \/><input type=\"hidden\" name=\"_wpcf7_locale\" value=\"lt_LT\" \/><input type=\"hidden\" name=\"_wpcf7_unit_tag\" value=\"wpcf7-f257-o1\" \/><input type=\"hidden\" name=\"_wpcf7_container_post\" value=\"0\" \/><input type=\"hidden\" name=\"_wpcf7_posted_data_hash\" value=\"\" \/>\n<\/fieldset>\n<div class=\"homecontect\">\n\t<div class=\"homerow\">\n\t\t<div class=\"homerow_box\">\n\t\t\t<p><label> Vardas: <span class=\"wpcf7-form-control-wrap\" data-name=\"name1\"><input size=\"40\" maxlength=\"400\" class=\"wpcf7-form-control wpcf7-text\" aria-invalid=\"false\" placeholder=\"\u012era\u0161ykite savo vard\u0105\" value=\"\" type=\"text\" name=\"name1\" \/><\/span><\/label>\n\t\t\t<\/p>\n\t\t<\/div>\n\t\t<div class=\"homerow_box\">\n\t\t\t<p><label> El. pa\u0161tas:<span class=\"wpcf7-form-control-wrap\" data-name=\"email-88\"><input size=\"40\" maxlength=\"400\" class=\"wpcf7-form-control wpcf7-email wpcf7-text wpcf7-validates-as-email\" aria-invalid=\"false\" placeholder=\"\u012era\u0161ykite savo el. pa\u0161to adres\u0105\" value=\"\" type=\"email\" name=\"email-88\" \/><\/span> <\/label>\n\t\t\t<\/p>\n\t\t<\/div>\n\t<\/div>\n\t<div class=\"homerow\">\n\t\t<div class=\"homerow_box\">\n\t\t\t<p><label> Pageidaujama paslaugos data <span class=\"wpcf7-form-control-wrap\" data-name=\"date-580\"><input class=\"wpcf7-form-control wpcf7-date wpcf7-validates-as-date desireddate\" aria-invalid=\"false\" value=\"\" type=\"date\" name=\"date-580\" \/><\/span><\/label>\n\t\t\t<\/p>\n\t\t<\/div>\n\t\t<div class=\"homerow_box\">\n\t\t\t<p><label>Pageidaujamas laikas: <span class=\"wpcf7-form-control-wrap\" data-name=\"text-441\"><input size=\"40\" maxlength=\"400\" class=\"wpcf7-form-control wpcf7-text timeb\" aria-invalid=\"false\" placeholder=\"\u012era\u0161ykite laik\u0105\" value=\"\" type=\"text\" name=\"text-441\" \/><\/span> <\/label>\n\t\t\t<\/p>\n\t\t<\/div>\n\t<\/div>\n\t<div class=\"homerow\">\n\t\t<div class=\"homerow_boxf\">\n\t\t\t<p><label>Papildoma \u017einut\u0117 \/ klausimas:<br \/>\n<span class=\"wpcf7-form-control-wrap\" data-name=\"textarea-702\"><textarea cols=\"40\" rows=\"10\" maxlength=\"2000\" class=\"wpcf7-form-control wpcf7-textarea\" aria-invalid=\"false\" placeholder=\"Para\u0161ykite, k\u0105 nor\u0117tum\u0117te pasakyti ar paklausti...\" name=\"textarea-702\"><\/textarea><\/span><\/label>\n\t\t\t<\/p>\n\t\t<\/div>\n\t\t<div class=\"homerow_boxf\">\n\t\t\t<p><input class=\"wpcf7-form-control wpcf7-submit has-spinner\" type=\"submit\" value=\"Si\u0173sti \u017einut\u0119\" \/>\n\t\t\t<\/p>\n\t\t<\/div>\n\t<\/div>\n<\/div><div class=\"wpcf7-response-output\" aria-hidden=\"true\"><\/div>\n<\/form>\n<\/div>\n<\/div>\n\t\t\t\t\t\t<\/div>\n\t\t\t\t\t<\/div>\n\t\t\t\t<\/div>\n\t\t<div class=\"elementor-element elementor-element-ce181f1 e-con-full e-flex e-con e-parent\" data-id=\"ce181f1\" data-element_type=\"container\" id=\"gmap\">\n\t\t\t\t<div class=\"elementor-element elementor-element-7128be5 elementor-widget__width-inherit mapsection elementor-widget elementor-widget-google_maps\" data-id=\"7128be5\" data-element_type=\"widget\" data-widget_type=\"google_maps.default\">\n\t\t\t\t\t\t\t<div class=\"elementor-custom-embed\">\n\t\t\t<iframe loading=\"lazy\"\n\t\t\t\t\tsrc=\"https:\/\/maps.google.com\/maps?q=Krivi%C5%B3%20g.%205%2C%20LT-01204%20Vilnius&#038;t=m&#038;z=10&#038;output=embed&#038;iwloc=near\"\n\t\t\t\t\ttitle=\"Krivi\u0173 g. 5, LT-01204 Vilnius\"\n\t\t\t\t\taria-label=\"Krivi\u0173 g. 5, LT-01204 Vilnius\"\n\t\t\t><\/iframe>\n\t\t<\/div>\n\t\t\t\t\t\t<\/div>\n\t\t\t\t<\/div>\n\t\t\t\t<\/div>\n\t\t","protected":false},"excerpt":{"rendered":"<p>Kontaktai<\/p>\n","protected":false},"author":1,"featured_media":0,"parent":0,"menu_order":0,"comment_status":"closed","ping_status":"closed","template":"","meta":{"site-sidebar-layout":"no-sidebar","site-content-layout":"","ast-site-content-layout":"full-width-container","site-content-style":"default","site-sidebar-style":"default","ast-global-header-display":"","ast-banner-title-visibility":"","ast-main-header-display":"","ast-hfb-above-header-display":"","ast-hfb-below-header-display":"","ast-hfb-mobile-header-display":"","site-post-title":"","ast-breadcrumbs-content":"","ast-featured-img":"disabled","footer-sml-layout":"","theme-transparent-header-meta":"","adv-header-id-meta":"","stick-header-meta":"","header-above-stick-meta":"","header-main-stick-meta":"","header-below-stick-meta":"","astra-migrate-meta-layouts":"default","ast-page-background-enabled":"default","ast-page-background-meta":{"desktop":{"background-color":"var(--ast-global-color-5)","background-image":"","background-repeat":"repeat","background-position":"center center","background-size":"auto","background-attachment":"scroll","background-type":"","background-media":"","overlay-type":"","overlay-color":"","overlay-opacity":"","overlay-gradient":""},"tablet":{"background-color":"","background-image":"","background-repeat":"repeat","background-position":"center center","background-size":"auto","background-attachment":"scroll","background-type":"","background-media":"","overlay-type":"","overlay-color":"","overlay-opacity":"","overlay-gradient":""},"mobile":{"background-color":"","background-image":"","background-repeat":"repeat","background-position":"center center","background-size":"auto","background-attachment":"scroll","background-type":"","background-media":"","overlay-type":"","overlay-color":"","overlay-opacity":"","overlay-gradient":""}},"ast-content-background-meta":{"desktop":{"background-color":"var(--ast-global-color-4)","background-image":"","background-repeat":"repeat","background-position":"center center","background-size":"auto","background-attachment":"scroll","background-type":"","background-media":"","overlay-type":"","overlay-color":"","overlay-opacity":"","overlay-gradient":""},"tablet":{"background-color":"var(--ast-global-color-4)","background-image":"","background-repeat":"repeat","background-position":"center center","background-size":"auto","background-attachment":"scroll","background-type":"","background-media":"","overlay-type":"","overlay-color":"","overlay-opacity":"","overlay-gradient":""},"mobile":{"background-color":"var(--ast-global-color-4)","background-image":"","background-repeat":"repeat","background-position":"center center","background-size":"auto","background-attachment":"scroll","background-type":"","background-media":"","overlay-type":"","overlay-color":"","overlay-opacity":"","overlay-gradient":""}},"footnotes":""},"class_list":["post-634","page","type-page","status-publish","hentry"],"jetpack_sharing_enabled":true,"_links":{"self":[{"href":"https:\/\/sielosraktas.lt\/index.php\/wp-json\/wp\/v2\/pages\/634","targetHints":{"allow":["GET"]}}],"collection":[{"href":"https:\/\/sielosraktas.lt\/index.php\/wp-json\/wp\/v2\/pages"}],"about":[{"href":"https:\/\/sielosraktas.lt\/index.php\/wp-json\/wp\/v2\/types\/page"}],"author":[{"embeddable":true,"href":"https:\/\/sielosraktas.lt\/index.php\/wp-json\/wp\/v2\/users\/1"}],"replies":[{"embeddable":true,"href":"https:\/\/sielosraktas.lt\/index.php\/wp-json\/wp\/v2\/comments?post=634"}],"version-history":[{"count":28,"href":"https:\/\/sielosraktas.lt\/index.php\/wp-json\/wp\/v2\/pages\/634\/revisions"}],"predecessor-version":[{"id":1402,"href":"https:\/\/sielosraktas.lt\/index.php\/wp-json\/wp\/v2\/pages\/634\/revisions\/1402"}],"wp:attachment":[{"href":"https:\/\/sielosraktas.lt\/index.php\/wp-json\/wp\/v2\/media?parent=634"}],"curies":[{"name":"wp","href":"https:\/\/api.w.org\/{rel}","templated":true}]}}